{"id":9,"date":"2022-07-06T23:45:32","date_gmt":"2022-07-06T23:45:32","guid":{"rendered":"https:\/\/decapplus.ca\/?page_id=9"},"modified":"2026-04-12T15:30:14","modified_gmt":"2026-04-12T15:30:14","slug":"a-propos","status":"publish","type":"page","link":"https:\/\/decapplus.ca\/en\/a-propos\/","title":{"rendered":"About Us"},"content":{"rendered":"<div class=\"brz-root__container brz-reset-all brz brz-root__container-page\">\n<section id=\"_qkrlthfiuewaikalxzuztwahibwvebpfyeai\" class=\"brz-section brz-css-133owcs\">\n<div class=\"brz-section__content brz-section--boxed brz-css-1y0flbp brz-css-17f3lob\" data-brz-custom-id=\"yxcpanhhssvezjkhfilqcyumcikzjvlfcmab\">\n<div class=\"brz-container brz-css-2uelil\">\n<div id=\"\" class=\"brz-css-18x6jvg brz-wrapper\">\n<div class=\"brz-rich-text brz-rich-text__custom brz-css-p0dhod\" data-brz-custom-id=\"gvqndiiejncsazkzkocvqifavlkddkhnzawu\">\n<div data-brz-translate-text=\"1\">\n<h4 class=\"brz-text-lg-center brz-lh-lg-1_5 brz-ls-lg-m_0_5 brz-fw-lg-400 brz-fss-lg-px brz-fs-lg-20 brz-ft-google brz-ff-overpass brz-tp-lg-empty brz-css-kWjDx\" data-uniq-id=\"sdyqq\" data-generated-css=\"brz-css-eryfh\"><span>DecaPplus is a Canadian investment management company owned by professionals experienced in Business administration. The company currently prioritizes rental property investments before moving forward with other projects listed in their expansion plan.<\/span><\/h4>\n<h4 class=\"brz-text-lg-center brz-lh-lg-1_5 brz-ls-lg-m_0_5 brz-fw-lg-400 brz-fss-lg-px brz-fs-lg-20 brz-ft-google brz-ff-overpass brz-tp-lg-empty brz-css-dzEZV\" data-uniq-id=\"gxpbm\" data-generated-css=\"brz-css-xevkn\"><span> <\/span><\/h4>\n<h4 class=\"brz-text-lg-center brz-lh-lg-1_5 brz-ls-lg-m_0_5 brz-fw-lg-400 brz-fss-lg-px brz-fs-lg-20 brz-ft-google brz-ff-overpass brz-tp-lg-empty brz-css-aQ2HE\" data-uniq-id=\"hvoxo\" data-generated-css=\"brz-css-dytwc\"><em class=\"brz-cp-color7\">You First and Always !<\/em><span> <\/span><\/h4>\n<\/div>\n<\/div>\n<\/div>\n<\/div>\n<\/div>\n<\/section>\n<section id=\"_cinrzxgrdbyyvnuuwhpoetrpnctvxqwpprgz\" class=\"brz-section brz-css-133owcs\">\n<div class=\"brz-section__content brz-section--boxed brz-css-1y0flbp brz-css-1ksahfo\" data-brz-custom-id=\"sntaosscptaooktpgptyeqwjiazhwkhxrfsu\">\n<div class=\"brz-container brz-css-2uelil\">\n<div class=\"brz-row__container brz-css-5899c1\" data-brz-custom-id=\"olvfznqqoohdxykdnbrtsjdjmxnmhhmzbvmo\">\n<div class=\"brz-bg\"><\/div>\n<div class=\"brz-row brz-css-12sz5jj\">\n<div class=\"brz-columns brz-css-1pjofyl brz-css-1o5hjc3\" data-brz-custom-id=\"smxvrmbifwcqccbdgetecycfqqjltrzzjsuw\">\n<div class=\"brz-bg\">\n<div class=\"brz-bg-image\"><\/div>\n<\/div>\n<div class=\"brz-column__items brz-css-vowka brz-css-1fnv0qe\">\n<div id=\"\" class=\"brz-css-18x6jvg brz-css-74z4wz brz-wrapper\">\n<div class=\"brz-spacer brz-css-h8kacx brz-css-1fenvut\"><\/div>\n<\/div>\n<\/div>\n<\/div>\n<div class=\"brz-columns brz-css-1pjofyl\" data-brz-custom-id=\"ahdajvhgvwthuujmdorirkllqvdhgsycdcwd\">\n<div class=\"brz-bg\"><\/div>\n<div class=\"brz-column__items brz-css-vowka\">\n<div id=\"\" class=\"brz-css-18x6jvg brz-wrapper\">\n<div class=\"brz-rich-text brz-rich-text__custom brz-css-p0dhod\" data-brz-custom-id=\"ctbqovvfkvpojvzrxstguqzhchrznaznjuht\">\n<div data-brz-translate-text=\"1\">\n<p class=\"brz-ff-overpass brz-text-lg-center brz-tp-lg-empty brz-lh-lg-1_9 brz-ls-lg-0 brz-fw-lg-400 brz-fss-lg-px brz-fs-lg-21 brz-ft-google brz-css-qs83Q\" data-uniq-id=\"keppw\" data-generated-css=\"brz-css-yhwcu\"><strong><span class=\"brz-text-mask\">Mission<\/span><\/strong><\/p>\n<p class=\"ql-align-justify brz-ff-red_hat_text brz-tp-lg-empty brz-lh-lg-1_9 brz-ls-lg-0 brz-fw-lg-400 brz-fss-lg-px brz-fs-lg-21 brz-ft-google brz-text-lg-justify brz-css-vwcqx\" data-uniq-id=\"hxfyq\" data-generated-css=\"brz-css-ursbt\"><span>&nbsp;To offer safe and modern housing at competitive prices in secure communities providing the possibility of outdoor activities and close to all commodities.<\/span><\/p>\n<\/div>\n<\/div>\n<\/div>\n<\/div>\n<\/div>\n<\/div>\n<\/div>\n<div class=\"brz-row__container brz-css-5899c1 brz-css-p4kyhz\" data-brz-custom-id=\"wwhpjwlmyznhditgcsjbxfhdgplenxxzirih\">\n<div class=\"brz-bg\"><\/div>\n<div class=\"brz-row brz-css-12sz5jj\">\n<div class=\"brz-columns brz-css-1pjofyl brz-css-1d8nu7f\" data-brz-custom-id=\"kauftyjjukrfdituirqiiljaheqbqsijyfqh\">\n<div class=\"brz-bg\"><\/div>\n<div class=\"brz-column__items brz-css-vowka brz-css-1tmfwau\">\n<div id=\"\" class=\"brz-css-18x6jvg brz-wrapper\">\n<div class=\"brz-rich-text brz-rich-text__custom brz-css-p0dhod\" data-brz-custom-id=\"sqkcwlbtkipsmazciyszlakyrqbnmwyyqecs\">\n<div data-brz-translate-text=\"1\">\n<p class=\"brz-ff-overpass brz-text-lg-center brz-fs-lg-21 brz-ft-google brz-tp-lg-empty brz-lh-lg-1_9 brz-ls-lg-0 brz-fw-lg-400 brz-fss-lg-px brz-css-lR1Tt\" data-uniq-id=\"efcrk\" data-generated-css=\"brz-css-kykxf\"><strong class=\"brz-cp-color2\"><span class=\"brz-text-mask\">Vision <\/span><\/strong><\/p>\n<p class=\"ql-align-justify brz-ff-red_hat_text brz-bcp-color2 brz-fs-lg-21 brz-ft-google brz-tp-lg-empty brz-lh-lg-1_9 brz-ls-lg-0 brz-fw-lg-400 brz-fss-lg-px brz-text-lg-justify brz-css-izNtd\" data-uniq-id=\"mxhax\" data-generated-css=\"brz-css-qkdva\"><span>To be a reference in the rental market and the real estate industry in general.<\/span><\/p>\n<\/div>\n<\/div>\n<\/div>\n<\/div>\n<\/div>\n<div class=\"brz-columns brz-css-1pjofyl brz-css-oz3331\" data-brz-custom-id=\"mafuvzfawycaukhzaghxzfsiognkmccyhigo\">\n<div class=\"brz-bg\">\n<div class=\"brz-bg-image\"><\/div>\n<\/div>\n<div class=\"brz-column__items brz-css-vowka brz-css-1kn8xvw\">\n<div id=\"\" class=\"brz-css-18x6jvg brz-css-74z4wz brz-wrapper\">\n<div class=\"brz-spacer brz-css-h8kacx brz-css-1k3chou\"><\/div>\n<\/div>\n<\/div>\n<\/div>\n<\/div>\n<\/div>\n<div class=\"brz-row__container brz-css-5899c1\" data-brz-custom-id=\"bhwdndognmbhksmmxkkiprneejfhumfearna\">\n<div class=\"brz-bg\"><\/div>\n<div class=\"brz-row brz-css-12sz5jj\">\n<div class=\"brz-columns brz-css-1pjofyl brz-css-1b237za\" data-brz-custom-id=\"qjnpsdnsymlhzybrbnqpgbtytiuxktmspach\">\n<div class=\"brz-bg\">\n<div class=\"brz-bg-image\"><\/div>\n<\/div>\n<div class=\"brz-column__items brz-css-vowka brz-css-52huyk\">\n<div id=\"\" class=\"brz-css-18x6jvg brz-css-74z4wz brz-wrapper\">\n<div class=\"brz-spacer brz-css-h8kacx brz-css-1a5wear\"><\/div>\n<\/div>\n<\/div>\n<\/div>\n<div class=\"brz-columns brz-css-1pjofyl brz-css-1o39h6i\" data-brz-custom-id=\"lbuluovkfzcsevzprxsctwmjfypwmlhelcgo\">\n<div class=\"brz-bg\"><\/div>\n<div class=\"brz-column__items brz-css-vowka brz-css-1mwngna\">\n<div id=\"\" class=\"brz-css-18x6jvg brz-css-p2nsfo brz-wrapper\">\n<div class=\"brz-rich-text brz-rich-text__custom brz-css-p0dhod\" data-brz-custom-id=\"agvtvrypumezbegdygfaokxjptgjqrqasqgs\">\n<div data-brz-translate-text=\"1\">\n<p class=\"brz-text-lg-center brz-ff-overpass brz-fss-lg-px brz-fw-lg-400 brz-ls-lg-0 brz-lh-lg-1_9 brz-ft-google brz-fs-lg-21 brz-tp-lg-empty brz-css-nVQGW\" data-generated-css=\"brz-css-zjkww\" data-uniq-id=\"nnvfk\"><strong class=\"brz-cp-color2\"><span class=\"brz-text-mask\">Values<\/span><\/strong><\/p>\n<p class=\"brz-text-lg-justify brz-fss-lg-px brz-fw-lg-400 brz-ls-lg-0 brz-lh-lg-1_9 brz-ft-google brz-fs-lg-21 brz-tp-lg-empty brz-ff-red_hat_text brz-css-wdbQh\" data-generated-css=\"brz-css-hxqbs\" data-uniq-id=\"qlury\"><span>Our values must guide all of our actions and be the pillar of our success. <\/span><em>Here are the main elements:<\/em><\/p>\n<\/div>\n<\/div>\n<\/div>\n<\/div>\n<\/div>\n<\/div>\n<\/div>\n<\/div>\n<\/div>\n<\/section>\n<section id=\"_wbowragjlofjmihjekjmeklvmzswphrppzsi\" class=\"brz-section brz-css-133owcs\">\n<div class=\"brz-section__content brz-section--boxed brz-css-1y0flbp brz-css-12zbbvq\" data-brz-custom-id=\"twybnkureyskoknnyjgdocdvjqsxylpugapg\">\n<div class=\"brz-container brz-css-2uelil\">\n<div class=\"brz-row__container brz-css-5899c1\" data-brz-custom-id=\"acyblajvotyidxnbpezkwlyyjyknfqmuoijn\">\n<div class=\"brz-bg\"><\/div>\n<div class=\"brz-row brz-css-12sz5jj brz-css-1k6jtir\">\n<div class=\"brz-columns brz-css-1pjofyl brz-css-13qj3mm\" data-brz-custom-id=\"upsoqxpewldoibtpermytfghfemdmyoeakgl\">\n<div class=\"brz-bg\"><\/div>\n<div class=\"brz-column__items brz-css-vowka brz-css-s1hhpp\">\n<div id=\"\" class=\"brz-css-18x6jvg brz-wrapper\">\n<div class=\"brz-rich-text brz-rich-text__custom brz-css-p0dhod\" data-brz-custom-id=\"fgvfnwuddfvmvtrutuiqmkrqbgaahdtdabwc\">\n<div data-brz-translate-text=\"1\">\n<p class=\"brz-lh-lg-1_9 brz-ls-lg-0 brz-fw-lg-400 brz-fss-lg-px brz-fs-lg-21 brz-ft-google brz-ff-overpass brz-tp-lg-empty brz-text-lg-center brz-css-qqDWP\" data-uniq-id=\"fiihw\" data-generated-css=\"brz-css-txlyr\"><strong class=\"brz-cp-color2\">P<\/strong><span class=\"brz-cp-color2\"><span class=\"brz-text-mask\">rogress <\/span><\/span><\/p>\n<p class=\"brz-text-lg-justify brz-tp-lg-empty brz-ff-overpass brz-ft-google brz-fs-lg-17 brz-fss-lg-px brz-fw-lg-400 brz-ls-lg-0 brz-lh-lg-2_2 brz-css-zY3Mm\" data-uniq-id=\"czprp\" data-generated-css=\"brz-css-oibgx\"><span>We count on our progress and work to ensure it, as well as contribute to the economic and social progress of our environment.<\/span><\/p>\n<\/div>\n<\/div>\n<\/div>\n<\/div>\n<\/div>\n<div class=\"brz-columns brz-css-1pjofyl brz-css-1w64r8u\" data-brz-custom-id=\"fejzkwvlmjtvotnxuxzfkrakkqovlwcmsmqa\">\n<div class=\"brz-bg\"><\/div>\n<div class=\"brz-column__items brz-css-vowka brz-css-1ec0dhm\">\n<div id=\"\" class=\"brz-css-18x6jvg brz-wrapper\">\n<div class=\"brz-rich-text brz-rich-text__custom brz-css-p0dhod\" data-brz-custom-id=\"uiyxyjilnnoheqjkykxftwyvfsrdxhorhncp\">\n<div data-brz-translate-text=\"1\">\n<p class=\"brz-lh-lg-1_9 brz-ls-lg-0 brz-fw-lg-400 brz-fss-lg-px brz-fs-lg-21 brz-ft-google brz-ff-overpass brz-tp-lg-empty brz-bcp-color7 brz-text-lg-center brz-css-nJ0HZ\" data-generated-css=\"brz-css-dclys\" data-uniq-id=\"yvehb\"><strong> R<\/strong><span class=\"brz-text-mask\">espect<\/span><\/p>\n<p class=\"brz-text-lg-justify brz-tp-lg-empty brz-ff-overpass brz-ft-google brz-fs-lg-17 brz-fss-lg-px brz-fw-lg-400 brz-ls-lg-0 brz-lh-lg-2_2 brz-css-o20g6\" data-generated-css=\"brz-css-oafik\" data-uniq-id=\"dnevn\"><span>We are committed to respecting all of our commitments towards our tenants, our clients and all of the parties with whom we deal with.<\/span><\/p>\n<\/div>\n<\/div>\n<\/div>\n<\/div>\n<\/div>\n<div class=\"brz-columns brz-css-1pjofyl brz-css-197boag\" data-brz-custom-id=\"asevxpkmedefksfwtigyamybfzvgfgaarqse\">\n<div class=\"brz-bg\"><\/div>\n<div class=\"brz-column__items brz-css-vowka brz-css-1v5oemk\">\n<div id=\"\" class=\"brz-css-18x6jvg brz-wrapper\">\n<div class=\"brz-rich-text brz-rich-text__custom brz-css-p0dhod\" data-brz-custom-id=\"xrquavgmgqtavgqridibipxyflvzznwufvfb\">\n<div data-brz-translate-text=\"1\">\n<p class=\"brz-lh-lg-1_9 brz-ls-lg-0 brz-fw-lg-400 brz-fss-lg-px brz-fs-lg-21 brz-ft-google brz-ff-overpass brz-tp-lg-empty brz-text-lg-center brz-css-rLi7q\" data-uniq-id=\"dssct\" data-generated-css=\"brz-css-djsbs\"><strong>I<span class=\"brz-text-mask\">mplication<\/span><\/strong><\/p>\n<p class=\"brz-text-lg-justify brz-tp-lg-empty brz-ff-overpass brz-ft-google brz-fs-lg-17 brz-fss-lg-px brz-fw-lg-400 brz-ls-lg-m_0_3 brz-lh-lg-1_7 brz-css-g4X0b\" data-uniq-id=\"uvikp\" data-generated-css=\"brz-css-aqjut\"><span>We believe that our involvement in the economic development and social activities will contribute in maintaining a safe and secure environment for the benefit of all citizens.<\/span><\/p>\n<\/div>\n<\/div>\n<\/div>\n<\/div>\n<\/div>\n<div class=\"brz-columns brz-css-1pjofyl brz-css-1m9b4xe\" data-brz-custom-id=\"cxutetypexhvbkulshkzslvhxidmdnktjxdc\">\n<div class=\"brz-bg\"><\/div>\n<div class=\"brz-column__items brz-css-vowka brz-css-cumt3x\">\n<div id=\"\" class=\"brz-css-18x6jvg brz-wrapper\">\n<div class=\"brz-rich-text brz-rich-text__custom brz-css-p0dhod\" data-brz-custom-id=\"ubbtmxuokocmcwonrsxxghcszghsvozmjawr\">\n<div data-brz-translate-text=\"1\">\n<p class=\"brz-ff-overpass brz-tp-lg-empty brz-lh-lg-1_9 brz-ls-lg-m_0_1 brz-fw-lg-400 brz-fss-lg-px brz-fs-lg-21 brz-ft-google brz-text-lg-center brz-css-q8S3K\" data-uniq-id=\"dnryj\" data-generated-css=\"brz-css-fwypr\"><strong>E<\/strong><span class=\"brz-text-mask\">xcellence<\/span><\/p>\n<p class=\"brz-text-lg-justify brz-tp-lg-empty brz-ff-overpass brz-ft-google brz-fs-lg-17 brz-fss-lg-px brz-fw-lg-400 brz-ls-lg-0_2 brz-lh-lg-2_2 brz-css-mb3wF\" data-uniq-id=\"gcrif\" data-generated-css=\"brz-css-lbmtc\"><span>We will work continuously to maintain a high standard in all of our activities and services which we offer.<\/span><\/p>\n<\/div>\n<\/div>\n<\/div>\n<\/div>\n<\/div>\n<\/div>\n<\/div>\n<\/div>\n<\/div>\n<\/section>\n<\/div>\n<p>    <!-- version:1737097062 --><\/p>","protected":false},"excerpt":{"rendered":"<p>DecaPplus est une Soci\u00e9t\u00e9 Canadienne de gestion des investissements d\u00e9tenue par des professionnels exp\u00e9riment\u00e9s en Gestion des Affaires. A l\u2019heure actuelle, elle privil\u00e9gie les investissements en immobiliers locatifs avant de se lancer dans les autres projets de son plan d\u2019expansion. Vous d&rsquo;Abord et Toujours ! Mission &nbsp;Offrir des logements modernes et s\u00e9curitaires \u00e0 des prix [&hellip;]<\/p>\n","protected":false},"author":1,"featured_media":0,"parent":0,"menu_order":0,"comment_status":"closed","ping_status":"closed","template":"","meta":{"_coblocks_attr":"","_coblocks_dimensions":"","_coblocks_responsive_height":"","_coblocks_accordion_ie_support":"","site-sidebar-layout":"default","site-content-layout":"","ast-site-content-layout":"default","site-content-style":"default","site-sidebar-style":"default","ast-global-header-display":"","ast-banner-title-visibility":"","ast-main-header-display":"","ast-hfb-above-header-display":"","ast-hfb-below-header-display":"","ast-hfb-mobile-header-display":"","site-post-title":"disabled","ast-breadcrumbs-content":"","ast-featured-img":"","footer-sml-layout":"","ast-disable-related-posts":"","theme-transparent-header-meta":"","adv-header-id-meta":"","stick-header-meta":"","header-above-stick-meta":"","header-main-stick-meta":"","header-below-stick-meta":"","astra-migrate-meta-layouts":"default","ast-page-background-enabled":"default","ast-page-background-meta":{"desktop":{"background-color":"var(--ast-global-color-4)","background-image":"","background-repeat":"repeat","background-position":"center center","background-size":"auto","background-attachment":"scroll","background-type":"","background-media":"","overlay-type":"","overlay-color":"","overlay-opacity":"","overlay-gradient":""},"tablet":{"background-color":"","background-image":"","background-repeat":"repeat","background-position":"center center","background-size":"auto","background-attachment":"scroll","background-type":"","background-media":"","overlay-type":"","overlay-color":"","overlay-opacity":"","overlay-gradient":""},"mobile":{"background-color":"","background-image":"","background-repeat":"repeat","background-position":"center center","background-size":"auto","background-attachment":"scroll","background-type":"","background-media":"","overlay-type":"","overlay-color":"","overlay-opacity":"","overlay-gradient":""}},"ast-content-background-meta":{"desktop":{"background-color":"var(--ast-global-color-5)","background-image":"","background-repeat":"repeat","background-position":"center center","background-size":"auto","background-attachment":"scroll","background-type":"","background-media":"","overlay-type":"","overlay-color":"","overlay-opacity":"","overlay-gradient":""},"tablet":{"background-color":"var(--ast-global-color-5)","background-image":"","background-repeat":"repeat","background-position":"center center","background-size":"auto","background-attachment":"scroll","background-type":"","background-media":"","overlay-type":"","overlay-color":"","overlay-opacity":"","overlay-gradient":""},"mobile":{"background-color":"var(--ast-global-color-5)","background-image":"","background-repeat":"repeat","background-position":"center center","background-size":"auto","background-attachment":"scroll","background-type":"","background-media":"","overlay-type":"","overlay-color":"","overlay-opacity":"","overlay-gradient":""}},"footnotes":""},"class_list":["post-9","page","type-page","status-publish","hentry"],"brizy_media":[{"id":266,"url":"https:\/\/decapplus.ca\/wp-content\/uploads\/2022\/07\/qtq80-8ETFQG.jpeg","name":"qtq80-8ETFQG.jpeg","meta":{"brizy_attachment_uid":"wp-030ffd94e2ac14e124f35b17bd36bf1e.jpeg","brizy_post_uid":["80266ab5647392b663eb82e372bdb61f"]}},{"id":267,"url":"https:\/\/decapplus.ca\/wp-content\/uploads\/2022\/07\/qtq80-UlaYK1.jpeg","name":"qtq80-UlaYK1.jpeg","meta":{"brizy_attachment_uid":"wp-534a163e6f05695795865ec6e2b150b3.jpeg","brizy_post_uid":["80266ab5647392b663eb82e372bdb61f"]}},{"id":268,"url":"https:\/\/decapplus.ca\/wp-content\/uploads\/2022\/07\/qtq80-bNVl40.jpeg","name":"qtq80-bNVl40.jpeg","meta":{"brizy_attachment_uid":"wp-a46f2775bb63c55f7c0320b2853b7731.jpeg","brizy_post_uid":["80266ab5647392b663eb82e372bdb61f"]}},{"id":269,"url":"https:\/\/decapplus.ca\/wp-content\/uploads\/2022\/07\/qtq80-H0JmAU.jpeg","name":"qtq80-H0JmAU.jpeg","meta":{"brizy_attachment_uid":"wp-bfa5ad0d716ccb65167f90c3f7f0346f.jpeg","brizy_post_uid":["80266ab5647392b663eb82e372bdb61f"]}},{"id":302,"url":"https:\/\/decapplus.ca\/wp-content\/uploads\/2022\/08\/pexels-trang-doan-1024248-scaled.jpg","name":"pexels-trang-doan-1024248.jpg","meta":{"brizy_attachment_uid":"wp-b6381d8f92636bb62ed6e68614001279.jpg","brizy_post_uid":["80266ab5647392b663eb82e372bdb61f"]}},{"id":304,"url":"https:\/\/decapplus.ca\/wp-content\/uploads\/2022\/08\/vision2.jpg","name":"vision2.jpg","meta":{"brizy_attachment_uid":"wp-177fab490ecb962010169ac9cf217856.jpg","brizy_post_uid":["80266ab5647392b663eb82e372bdb61f"]}},{"id":303,"url":"https:\/\/decapplus.ca\/wp-content\/uploads\/2022\/08\/values-scaled.jpg","name":"values.jpg","meta":{"brizy_attachment_uid":"wp-78eeaaf19380825d8417c570322039fb.jpg","brizy_post_uid":["80266ab5647392b663eb82e372bdb61f","d1b8ef279cb5cea33b094ba86404b9b8"]}},{"id":185,"url":"https:\/\/decapplus.ca\/wp-content\/uploads\/2022\/07\/cropped-60-DecaPplus.jpg","name":"cropped-60-DecaPplus.jpg","meta":{"brizy_attachment_uid":"wp-f2f3cc51a85f753e29eae450a6c49516.jpg","brizy_post_uid":["80266ab5647392b663eb82e372bdb61f","f04ce159e7edbba6b20d206f0bcf4af7"]}},{"id":174,"url":"https:\/\/decapplus.ca\/wp-content\/uploads\/2022\/07\/cropped-Round_Logo.jpg","name":"cropped-Round_Logo.jpg","meta":{"brizy_attachment_uid":"wp-db3169842a44efc4eb3bf910ebf4d66b.jpg","brizy_post_uid":["80266ab5647392b663eb82e372bdb61f"]}},{"id":161,"url":"https:\/\/decapplus.ca\/wp-content\/uploads\/2022\/06\/cropped-Round_Logo-e1657330415790.jpg","name":"cropped-Round_Logo-e1657330415790.jpg","meta":{"brizy_attachment_uid":"wp-d6ababaac9729702bfb3fbc78adb0512.jpg","brizy_post_uid":["80266ab5647392b663eb82e372bdb61f"]}}],"_links":{"self":[{"href":"https:\/\/decapplus.ca\/en\/wp-json\/wp\/v2\/pages\/9","targetHints":{"allow":["GET"]}}],"collection":[{"href":"https:\/\/decapplus.ca\/en\/wp-json\/wp\/v2\/pages"}],"about":[{"href":"https:\/\/decapplus.ca\/en\/wp-json\/wp\/v2\/types\/page"}],"author":[{"embeddable":true,"href":"https:\/\/decapplus.ca\/en\/wp-json\/wp\/v2\/users\/1"}],"replies":[{"embeddable":true,"href":"https:\/\/decapplus.ca\/en\/wp-json\/wp\/v2\/comments?post=9"}],"version-history":[{"count":30,"href":"https:\/\/decapplus.ca\/en\/wp-json\/wp\/v2\/pages\/9\/revisions"}],"predecessor-version":[{"id":2028,"href":"https:\/\/decapplus.ca\/en\/wp-json\/wp\/v2\/pages\/9\/revisions\/2028"}],"wp:attachment":[{"href":"https:\/\/decapplus.ca\/en\/wp-json\/wp\/v2\/media?parent=9"}],"curies":[{"name":"wp","href":"https:\/\/api.w.org\/{rel}","templated":true}]}}