{"id":16,"date":"2022-07-06T23:49:37","date_gmt":"2022-07-06T23:49:37","guid":{"rendered":"https:\/\/decapplus.ca\/?page_id=16"},"modified":"2026-04-07T05:09:04","modified_gmt":"2026-04-07T05:09:04","slug":"decapplus-en-direct","status":"publish","type":"page","link":"https:\/\/decapplus.ca\/en\/decapplus-en-direct\/","title":{"rendered":"DecaPplus Updates"},"content":{"rendered":"<div data-elementor-type=\"wp-page\" data-elementor-id=\"16\" class=\"elementor elementor-16\">\n\t\t\t\t\t\t<section class=\"elementor-section elementor-top-section elementor-element elementor-element-f717843 elementor-section-boxed elementor-section-height-default elementor-section-height-default\" data-id=\"f717843\" data-element_type=\"section\" data-e-type=\"section\">\n\t\t\t\t\t\t<div class=\"elementor-container elementor-column-gap-default\">\n\t\t\t\t\t<div class=\"elementor-column elementor-col-100 elementor-top-column elementor-element elementor-element-5868280\" data-id=\"5868280\" data-element_type=\"column\" data-e-type=\"column\">\n\t\t\t<div class=\"elementor-widget-wrap elementor-element-populated\">\n\t\t\t\t\t\t<div class=\"elementor-element elementor-element-8e22715 elementor-widget elementor-widget-spacer\" data-id=\"8e22715\" data-element_type=\"widget\" data-e-type=\"widget\" data-widget_type=\"spacer.default\">\n\t\t\t\t<div class=\"elementor-widget-container\">\n\t\t\t\t\t\t\t<div class=\"elementor-spacer\">\n\t\t\t<div class=\"elementor-spacer-inner\"><\/div>\n\t\t<\/div>\n\t\t\t\t\t\t<\/div>\n\t\t\t\t<\/div>\n\t\t\t\t\t<\/div>\n\t\t<\/div>\n\t\t\t\t\t<\/div>\n\t\t<\/section>\n\t\t\t\t<section class=\"elementor-section elementor-top-section elementor-element elementor-element-27122cc elementor-section-boxed elementor-section-height-default elementor-section-height-default\" data-id=\"27122cc\" data-element_type=\"section\" data-e-type=\"section\">\n\t\t\t\t\t\t<div class=\"elementor-container elementor-column-gap-default\">\n\t\t\t\t\t<div class=\"elementor-column elementor-col-100 elementor-top-column elementor-element elementor-element-349766b9\" data-id=\"349766b9\" data-element_type=\"column\" data-e-type=\"column\">\n\t\t\t<div class=\"elementor-widget-wrap elementor-element-populated\">\n\t\t\t\t\t\t<div class=\"elementor-element elementor-element-2826427 elementor-widget elementor-widget-ucaddon_post_blocks\" data-id=\"2826427\" data-element_type=\"widget\" data-e-type=\"widget\" data-widget_type=\"ucaddon_post_blocks.default\">\n\t\t\t\t<div class=\"elementor-widget-container\">\n\t\t\t\t\t\n<!-- start Post Blocks -->\n\t\t<link id='font-awesome-css' href='https:\/\/decapplus.ca\/wp-content\/plugins\/unlimited-elements-for-elementor\/assets_libraries\/font-awesome6\/fontawesome-all.min.css' type='text\/css' rel='stylesheet' >\n\t\t<link id='font-awesome-4-shim-css' href='https:\/\/decapplus.ca\/wp-content\/plugins\/unlimited-elements-for-elementor\/assets_libraries\/font-awesome6\/fontawesome-v4-shims.min.css' type='text\/css' rel='stylesheet' >\n\n<style>\/* widget: Post Blocks *\/\n\n#uc_post_blocks_elementor_2826427 {\n    display:grid;\n}\n#uc_post_blocks_elementor_2826427 .ue_post_blocks_box\n{\n  overflow:hidden;\n}\n\n#uc_post_blocks_elementor_2826427 .ue_post_blocks_image\n{\n  overflow:hidden;\n}\n#uc_post_blocks_elementor_2826427 .ue_post_blocks_image img\n{\n  object-fit: cover;\n  object-position:center center;\n  width:100%;\n  display:block;\n}\n#uc_post_blocks_elementor_2826427 .ue_post_blocks_link a\n{\n  display:inline-block;\n  text-decoration:none;\n  text-align:center;\n}\n\n #uc_post_blocks_elementor_2826427 .ue_post_blocks_box img\n{\n  transition:0.5s;\n}\n #uc_post_blocks_elementor_2826427 .ue_post_blocks_box:hover img\n{\n  transform:scale(1.1,1.1);\n}\n\n\n\n\n#uc_post_blocks_elementor_2826427 .ue-grid-item-meta-data\n{\n  display:inlin-flex;\n  flex-wrap: wrap;\n}\n\n.ue-grid-item-meta-data\n{\n  font-size:12px;\n}\n\n#uc_post_blocks_elementor_2826427 .ue-grid-item-meta-data-icon\n{\n  line-height:1em;\n}\n\n#uc_post_blocks_elementor_2826427 .ue-grid-item-meta-data-icon svg\n{\n  width:1em;\n  height:1em;\n}\n\n\n.ue-grid-item-category a\n{\n  display:inline-block;\n  font-size:10px;\n  text-transform:uppercase;\n}\n\n<\/style>\n\n<div id=\"uc_post_blocks_elementor_2826427\" class=\"ue_post_blocks uc-items-wrapper\" >\n    <div class=\"ue_post_blocks_box\">\n    <div class=\"ue_post_blocks_image\">\n    <a href=\"https:\/\/decapplus.ca\/en\/2025\/08\/2473\/\" style=\"display:block;\"><img fetchpriority=\"high\" decoding=\"async\" src=\"https:\/\/decapplus.ca\/wp-content\/uploads\/2025\/08\/IMG_9532-768x576.jpg\"  alt=\"IMG_9532\" width=\"768\" height=\"576\"><\/a>\n  <\/div>\n    <div class=\"ue_post_blocks_content\">\n      \n     \n         \n    <div class=\"ue_post_blocks_title\"><a href=\"https:\/\/decapplus.ca\/en\/2025\/08\/2473\/\">\ud83c\udfe5 H\u00f4pitaux, \ud83c\udfd6\ufe0f plages, Parc aquatique, \ud83c\udf93 universit\u00e9s, \ud83d\udecd\ufe0f centres commerciaux et \ud83c\udfdf\ufe0f stade \u00e0 proximit\u00e9 du projet, situ\u00e9 \u00e0 \ud83c\uddf5\ud83c\udde6 Panama \u2013 Penonom\u00e9, Llano Mar\u00edn et La Ortiga.  \/ \ud83c\udfe5 Hospitals, \ud83c\udfd6\ufe0f beaches, Waterpark,\ud83c\udf93 universities, \ud83d\udecd\ufe0f shopping malls, and \ud83c\udfdf\ufe0f a stadium close to the project, located in \ud83c\uddf5\ud83c\udde6 Panama \u2013 Penonom\u00e9, Llano Mar\u00edn, and La Ortiga.<\/a><\/div>    \n        \n    \n    <div class=\"ue_post_blocks_text\">https:\/\/decapplus.ca\/wp-content\/uploads\/2025\/08\/SorpresaMall_10minutesduprojet_360degres_Droite2.mp4...<\/div>    <div class=\"ue_post_blocks_link\"><a href=\"https:\/\/decapplus.ca\/en\/2025\/08\/2473\/\" class=\"\">Read More<\/a><\/div>  <\/div>\n<\/div>\n<div class=\"ue_post_blocks_box\">\n    <div class=\"ue_post_blocks_image\">\n    <a href=\"https:\/\/decapplus.ca\/en\/2025\/08\/bientot-au-panama-penonome-llano-marin-la-ortiga-%f0%9f%8c%b4%e2%9c%88%ef%b8%8f-maison-modele-coming-soon-in-panama-penonome-llano-marin-la-ortiga-%f0%9f%8c%b4%e2%9c%88%ef%b8%8f-m\/\" style=\"display:block;\"><img decoding=\"async\" src=\"https:\/\/decapplus.ca\/wp-content\/uploads\/2025\/08\/DevantureMaisonModele-768x576.jpg\"  alt=\"DevantureMaisonMod\u00e8le\" width=\"768\" height=\"576\"><\/a>\n  <\/div>\n    <div class=\"ue_post_blocks_content\">\n      \n     \n         \n    <div class=\"ue_post_blocks_title\"><a href=\"https:\/\/decapplus.ca\/en\/2025\/08\/bientot-au-panama-penonome-llano-marin-la-ortiga-%f0%9f%8c%b4%e2%9c%88%ef%b8%8f-maison-modele-coming-soon-in-panama-penonome-llano-marin-la-ortiga-%f0%9f%8c%b4%e2%9c%88%ef%b8%8f-m\/\">Bient\u00f4t au Panama - Penonome - Llano Marin - La Ortiga ! \ud83c\udf34\u2708\ufe0f - Maison-Modele \/ Coming Soon in Panama - Penonome - Llano Marin - La Ortiga! \ud83c\udf34\u2708\ufe0f - Model Home<\/a><\/div>    \n        \n    \n    <div class=\"ue_post_blocks_text\">https:\/\/decapplus.ca\/wp-content\/uploads\/2025\/08\/MaisonModele.mp4<\/div>    <div class=\"ue_post_blocks_link\"><a href=\"https:\/\/decapplus.ca\/en\/2025\/08\/bientot-au-panama-penonome-llano-marin-la-ortiga-%f0%9f%8c%b4%e2%9c%88%ef%b8%8f-maison-modele-coming-soon-in-panama-penonome-llano-marin-la-ortiga-%f0%9f%8c%b4%e2%9c%88%ef%b8%8f-m\/\" class=\"\">Read More<\/a><\/div>  <\/div>\n<\/div>\n<div class=\"ue_post_blocks_box\">\n    <div class=\"ue_post_blocks_image\">\n    <a href=\"https:\/\/decapplus.ca\/en\/2025\/08\/bientot-au-panama-%f0%9f%8c%b4%e2%9c%88%ef%b8%8f-coming-soon-in-panama-%f0%9f%8c%b4%e2%9c%88%ef%b8%8f\/\" style=\"display:block;\"><img decoding=\"async\" src=\"https:\/\/decapplus.ca\/wp-content\/uploads\/2025\/08\/8D98FF66-4CFC-4C74-9CDB-1358FBCDB697-768x1024.jpg\"  alt=\"8D98FF66-4CFC-4C74-9CDB-1358FBCDB697\" width=\"768\" height=\"1024\"><\/a>\n  <\/div>\n    <div class=\"ue_post_blocks_content\">\n      \n     \n         \n    <div class=\"ue_post_blocks_title\"><a href=\"https:\/\/decapplus.ca\/en\/2025\/08\/bientot-au-panama-%f0%9f%8c%b4%e2%9c%88%ef%b8%8f-coming-soon-in-panama-%f0%9f%8c%b4%e2%9c%88%ef%b8%8f\/\">Bient\u00f4t au Panama ! \ud83c\udf34\u2708\ufe0f \/ Coming Soon in Panama! \ud83c\udf34\u2708\ufe0f<\/a><\/div>    \n        \n    \n    <div class=\"ue_post_blocks_text\">Bient\u00f4t au Panama ! \ud83c\udf34\u2708\ufe0f\nEn tant que Partenaires d\u2019affaires (PA) de DecaPplus, vous aurez droit \u00e0 des...<\/div>    <div class=\"ue_post_blocks_link\"><a href=\"https:\/\/decapplus.ca\/en\/2025\/08\/bientot-au-panama-%f0%9f%8c%b4%e2%9c%88%ef%b8%8f-coming-soon-in-panama-%f0%9f%8c%b4%e2%9c%88%ef%b8%8f\/\" class=\"\">Read More<\/a><\/div>  <\/div>\n<\/div>\n\n<\/div>\n<!-- end Post Blocks -->\t\t\t\t<\/div>\n\t\t\t\t<\/div>\n\t\t\t\t<div class=\"elementor-element elementor-element-c69ea01 elementor-align-center elementor-widget elementor-widget-button\" data-id=\"c69ea01\" data-element_type=\"widget\" data-e-type=\"widget\" data-widget_type=\"button.default\">\n\t\t\t\t<div class=\"elementor-widget-container\">\n\t\t\t\t\t\t\t\t\t<div class=\"elementor-button-wrapper\">\n\t\t\t\t\t<a class=\"elementor-button elementor-button-link elementor-size-sm\" href=\"https:\/\/decapplus.ca\/en\/archives\/\">\n\t\t\t\t\t\t<span class=\"elementor-button-content-wrapper\">\n\t\t\t\t\t\t\t\t\t<span class=\"elementor-button-text\">Archives<\/span>\n\t\t\t\t\t<\/span>\n\t\t\t\t\t<\/a>\n\t\t\t\t<\/div>\n\t\t\t\t\t\t\t\t<\/div>\n\t\t\t\t<\/div>\n\t\t\t\t\t<\/div>\n\t\t<\/div>\n\t\t\t\t\t<\/div>\n\t\t<\/section>\n\t\t\t\t<\/div>","protected":false},"excerpt":{"rendered":"<p>Archives<\/p>","protected":false},"author":1,"featured_media":0,"parent":0,"menu_order":0,"comment_status":"closed","ping_status":"closed","template":"elementor_header_footer","meta":{"_coblocks_attr":"","_coblocks_dimensions":"","_coblocks_responsive_height":"","_coblocks_accordion_ie_support":"","site-sidebar-layout":"default","site-content-layout":"","ast-site-content-layout":"default","site-content-style":"default","site-sidebar-style":"default","ast-global-header-display":"","ast-banner-title-visibility":"","ast-main-header-display":"","ast-hfb-above-header-display":"","ast-hfb-below-header-display":"","ast-hfb-mobile-header-display":"","site-post-title":"","ast-breadcrumbs-content":"","ast-featured-img":"","footer-sml-layout":"","ast-disable-related-posts":"","theme-transparent-header-meta":"","adv-header-id-meta":"","stick-header-meta":"","header-above-stick-meta":"","header-main-stick-meta":"","header-below-stick-meta":"","astra-migrate-meta-layouts":"default","ast-page-background-enabled":"default","ast-page-background-meta":{"desktop":{"background-color":"var(--ast-global-color-4)","background-image":"","background-repeat":"repeat","background-position":"center center","background-size":"auto","background-attachment":"scroll","background-type":"","background-media":"","overlay-type":"","overlay-color":"","overlay-opacity":"","overlay-gradient":""},"tablet":{"background-color":"","background-image":"","background-repeat":"repeat","background-position":"center center","background-size":"auto","background-attachment":"scroll","background-type":"","background-media":"","overlay-type":"","overlay-color":"","overlay-opacity":"","overlay-gradient":""},"mobile":{"background-color":"","background-image":"","background-repeat":"repeat","background-position":"center center","background-size":"auto","background-attachment":"scroll","background-type":"","background-media":"","overlay-type":"","overlay-color":"","overlay-opacity":"","overlay-gradient":""}},"ast-content-background-meta":{"desktop":{"background-color":"var(--ast-global-color-5)","background-image":"","background-repeat":"repeat","background-position":"center center","background-size":"auto","background-attachment":"scroll","background-type":"","background-media":"","overlay-type":"","overlay-color":"","overlay-opacity":"","overlay-gradient":""},"tablet":{"background-color":"var(--ast-global-color-5)","background-image":"","background-repeat":"repeat","background-position":"center center","background-size":"auto","background-attachment":"scroll","background-type":"","background-media":"","overlay-type":"","overlay-color":"","overlay-opacity":"","overlay-gradient":""},"mobile":{"background-color":"var(--ast-global-color-5)","background-image":"","background-repeat":"repeat","background-position":"center center","background-size":"auto","background-attachment":"scroll","background-type":"","background-media":"","overlay-type":"","overlay-color":"","overlay-opacity":"","overlay-gradient":""}},"footnotes":""},"class_list":["post-16","page","type-page","status-publish","hentry"],"brizy_media":[],"_links":{"self":[{"href":"https:\/\/decapplus.ca\/en\/wp-json\/wp\/v2\/pages\/16","targetHints":{"allow":["GET"]}}],"collection":[{"href":"https:\/\/decapplus.ca\/en\/wp-json\/wp\/v2\/pages"}],"about":[{"href":"https:\/\/decapplus.ca\/en\/wp-json\/wp\/v2\/types\/page"}],"author":[{"embeddable":true,"href":"https:\/\/decapplus.ca\/en\/wp-json\/wp\/v2\/users\/1"}],"replies":[{"embeddable":true,"href":"https:\/\/decapplus.ca\/en\/wp-json\/wp\/v2\/comments?post=16"}],"version-history":[{"count":30,"href":"https:\/\/decapplus.ca\/en\/wp-json\/wp\/v2\/pages\/16\/revisions"}],"predecessor-version":[{"id":2041,"href":"https:\/\/decapplus.ca\/en\/wp-json\/wp\/v2\/pages\/16\/revisions\/2041"}],"wp:attachment":[{"href":"https:\/\/decapplus.ca\/en\/wp-json\/wp\/v2\/media?parent=16"}],"curies":[{"name":"wp","href":"https:\/\/api.w.org\/{rel}","templated":true}]}}