{"id":13,"date":"2022-07-06T23:50:25","date_gmt":"2022-07-06T23:50:25","guid":{"rendered":"https:\/\/decapplus.ca\/?page_id=13"},"modified":"2026-04-12T20:22:17","modified_gmt":"2026-04-12T20:22:17","slug":"services","status":"publish","type":"page","link":"https:\/\/decapplus.ca\/en\/services\/","title":{"rendered":"Services"},"content":{"rendered":"<div class=\"brz-root__container brz-reset-all brz brz-root__container-page\">\n<section id=\"_ffylkihcdeaeffphhjilbmwjwfkxacqjjoqw\" class=\"brz-section brz-css-1dafeef brz-css-15dvvvg\">\n<div class=\"brz-section__content brz-section--boxed brz-css-t8za03 brz-css-1exlnh0\" data-brz-custom-id=\"maejvzzqjlaxjplntgmkhqktszoceinnkcln\">\n<div class=\"brz-container brz-css-1b7t5g\">\n<div id=\"\" class=\"brz-css-7lcf7a brz-wrapper\">\n<div class=\"brz-rich-text brz-rich-text__custom brz-css-1mhwju2\" data-brz-custom-id=\"bzwfzzkfddtotnlxpumlifsucxcckbolosgy\">\n<div data-brz-translate-text=\"1\">\n<h1 class=\"brz-mb-lg-0 brz-text-lg-center brz-mt-lg-0 brz-tp-lg-empty brz-ff-overpass brz-ft-google brz-fs-lg-40 brz-fss-lg-px brz-fw-lg-700 brz-ls-lg-m_1_5 brz-lh-lg-1_3 brz-css-ppsV0\" data-uniq-id=\"ozjgs\" data-generated-css=\"brz-css-yxwhw\"><span class=\"brz-capitalize-on\">Our Services<\/span><\/h1>\n<\/div>\n<\/div>\n<\/div>\n<\/div>\n<\/div>\n<\/section>\n<section id=\"_sgbzpmkxireiupfxxamyrrljihpoqhbixfiy\" class=\"brz-section brz-css-1dafeef\">\n<div class=\"brz-section__content brz-section--boxed brz-css-t8za03 brz-css-fhsgpz\" data-brz-custom-id=\"prpghaehsyesjusaxzyuzyatciuukvyaivea\">\n<div class=\"brz-container brz-css-1b7t5g\">\n<div class=\"brz-row__container brz-css-jzzs65\" data-brz-custom-id=\"zybnfcowtcvvuxlzynsibrukgtxvtszfyaar\">\n<div class=\"brz-bg\"><\/div>\n<div class=\"brz-row brz-css-f8l8rm\">\n<div class=\"brz-columns brz-css-1lfi4wx\" data-brz-custom-id=\"ovejgsrjucppjymzzkmtyrjxzjdgmvimxyyx\">\n<div class=\"brz-bg\"><\/div>\n<div class=\"brz-column__items brz-css-3c5i7t\">\n<div id=\"\" class=\"brz-css-7lcf7a brz-wrapper\">\n<div class=\"brz-image brz-css-5yb5ej brz-css-gmvdks\" data-brz-custom-id=\"uajvizjhfyxcvdrueiaqvpplpmyacmlywdxj\"><img decoding=\"async\" class=\"brz-img\" src=\"https:\/\/decapplus.ca\/wp-content\/uploads\/brizy\/imgs\/Service1-613x409x34x0x545x409x1660782541.jpg\" alt=\"\" loading=\"lazy\"><\/div>\n<\/div>\n<div class=\"brz-row__container brz-css-jzzs65\" data-brz-custom-id=\"ssbmyzjuhaeckqjhscyugqcitgdzppzbdlse\">\n<div class=\"brz-bg\"><\/div>\n<div class=\"brz-row brz-row--inner brz-css-f8l8rm\">\n<div class=\"brz-columns brz-css-1lfi4wx brz-css-rpgt6x\" data-brz-custom-id=\"sawrsndxjskvxawmmynsjplpflzcmdewygap\">\n<div class=\"brz-bg\"><\/div>\n<div class=\"brz-column__items brz-css-3c5i7t\">\n<div id=\"\" class=\"brz-css-7lcf7a brz-wrapper\">\n<div class=\"brz-rich-text brz-rich-text__custom brz-css-1mhwju2\" data-brz-custom-id=\"oegmccaoznwlcmsjpenkbzbjqikfxrjqxgwd\">\n<div data-brz-translate-text=\"1\">\n<p class=\"brz-text-lg-center brz-tp-lg-heading4 brz-css-vOc99\" data-uniq-id=\"zemtd\" data-generated-css=\"brz-css-fsgys\"><span><span class=\"brz-text-mask\">PROPERTY RENTAL<\/span><\/span><\/p>\n<p class=\"brz-lh-lg-1_9 brz-ls-lg-0 brz-fw-lg-400 brz-fss-lg-px brz-fs-lg-18 brz-ft-google brz-ff-overpass brz-tp-lg-empty brz-text-lg-center brz-css-xYahB\" data-uniq-id=\"wjdxf\" data-generated-css=\"brz-css-ataoo\"><span> <\/span><\/p>\n<p class=\"brz-ls-lg-0 brz-fw-lg-400 brz-fss-lg-px brz-ft-google brz-ff-overpass brz-tp-lg-empty brz-lh-lg-2 brz-fs-lg-20 brz-text-lg-justify brz-css-k69NO\" data-uniq-id=\"lcyij\" data-generated-css=\"brz-css-phpem\"><span>We take our time finding potential tenants using all of the different rental sites. Then we perform a thorough background check for each candidate in order to guarantee you the best tenants possible. Our methods prove to be very successful. <\/span><\/p>\n<\/div>\n<\/div>\n<\/div>\n<div id=\"\" class=\"brz-css-7lcf7a brz-css-1juote5 brz-wrapper\">\n<div class=\"brz-spacer brz-css-nk5r2a\"><\/div>\n<\/div>\n<div id=\"\" class=\"brz-css-7lcf7a brz-wrapper\">\n<div class=\"brz-rich-text brz-rich-text__custom brz-css-1mhwju2\" data-brz-custom-id=\"ldiqhjngwbygjfpyknfqczppattovjmrsdaw\">\n<div data-brz-translate-text=\"1\">\n<p class=\"brz-text-lg-center brz-tp-lg-empty brz-ff-overpass brz-ft-google brz-fs-lg-19 brz-fss-lg-px brz-fw-lg-400 brz-ls-lg-0 brz-lh-lg-1_9 brz-css-pD_oI\" data-generated-css=\"brz-css-jgpyc\" data-uniq-id=\"hhwyp\"><span>Faites nous confiance, Z\u00e9ro d\u00e9faut de paiement garanti !<\/span><\/p>\n<\/div>\n<\/div>\n<\/div>\n<\/div>\n<\/div>\n<\/div>\n<\/div>\n<\/div>\n<\/div>\n<div class=\"brz-columns brz-css-1lfi4wx\" data-brz-custom-id=\"qehtqvygcrowtvumfdnxnsdufkdegxwoubtm\">\n<div class=\"brz-bg\"><\/div>\n<div class=\"brz-column__items brz-css-3c5i7t\">\n<div id=\"\" class=\"brz-css-7lcf7a brz-wrapper\">\n<div class=\"brz-image brz-css-128bjti brz-css-u0we7p\" data-brz-custom-id=\"zoiyvbfxkqpzorhyrpiqcajicthrwsdnrjux\"><img decoding=\"async\" class=\"brz-img\" src=\"https:\/\/decapplus.ca\/wp-content\/uploads\/brizy\/imgs\/Services2-649x409x52x0x545x409x1660782387.jpg\" alt=\"\" loading=\"lazy\"><\/div>\n<\/div>\n<div class=\"brz-row__container brz-css-jzzs65\" data-brz-custom-id=\"fqosaqbtpqmvlwhjdnpwrjsfrgdlqvyngyiz\">\n<div class=\"brz-bg\"><\/div>\n<div class=\"brz-row brz-row--inner brz-css-f8l8rm\">\n<div class=\"brz-columns brz-css-1lfi4wx brz-css-5rtj0u\" data-brz-custom-id=\"fsxvilawxeerzxeducqkequqihjfkxsblnvp\">\n<div class=\"brz-bg\"><\/div>\n<div class=\"brz-column__items brz-css-3c5i7t\">\n<div id=\"\" class=\"brz-css-7lcf7a brz-wrapper\">\n<div class=\"brz-rich-text brz-rich-text__custom brz-css-1mhwju2\" data-brz-custom-id=\"epurmdwddywprblsduknqptxcsccisanxwoa\">\n<div data-brz-translate-text=\"1\">\n<h4 class=\"brz-text-lg-center brz-tp-lg-heading4 brz-css-jacWc\" data-uniq-id=\"ogjln\" data-generated-css=\"brz-css-vhuze\"><span class=\"brz-cp-color2\"><span class=\"brz-text-mask\">BUILDING MANAGEMENT<\/span><\/span><\/h4>\n<p class=\"brz-lh-lg-1_9 brz-ls-lg-0 brz-fw-lg-400 brz-fss-lg-px brz-fs-lg-16 brz-ft-google brz-ff-overpass brz-tp-lg-empty brz-text-lg-center brz-css-yAySo\" data-uniq-id=\"qubqr\" data-generated-css=\"brz-css-avtpy\"><span class=\"brz-cp-color2\"> <\/span><\/p>\n<p class=\"brz-lh-lg-1_8 brz-ls-lg-0 brz-fw-lg-400 brz-fss-lg-px brz-fs-lg-20 brz-ft-google brz-ff-overpass brz-tp-lg-empty brz-text-lg-justify brz-css-yTqmr\" data-uniq-id=\"xzxbh\" data-generated-css=\"brz-css-gncor\"><span>We take care of all aspects of your building management needs at competitive prices.We act quickly once an issue has been brought to our attention and only work with the most skilled and seasoned individuals offering quality repairs at reasonable cost. We work hard to protect your investments as well as your return on investments. <\/span><\/p>\n<\/div>\n<\/div>\n<\/div>\n<\/div>\n<\/div>\n<\/div>\n<\/div>\n<div id=\"\" class=\"brz-css-7lcf7a brz-css-1juote5 brz-wrapper\">\n<div class=\"brz-spacer brz-css-nk5r2a brz-css-1euakpv\"><\/div>\n<\/div>\n<div id=\"\" class=\"brz-css-7lcf7a brz-wrapper\">\n<div class=\"brz-rich-text brz-rich-text__custom brz-css-1mhwju2\" data-brz-custom-id=\"pztrhzyhbchaquudnzjjmdkjkaiklishfgsi\">\n<div data-brz-translate-text=\"1\">\n<p class=\"brz-text-lg-center brz-tp-lg-empty brz-ff-overpass brz-ft-google brz-fs-lg-19 brz-fss-lg-px brz-fw-lg-400 brz-ls-lg-0 brz-lh-lg-1_9 brz-css-l550H\" data-generated-css=\"brz-css-gzjpz\" data-uniq-id=\"yminj\"><span> Faites affaire avec DecaPplus, c\u2019est intelligent!<\/span><\/p>\n<\/div>\n<\/div>\n<\/div>\n<\/div>\n<\/div>\n<\/div>\n<\/div>\n<\/div>\n<\/div>\n<\/section>\n<section id=\"_avnqdhrmtsttlruxtpvlhnwqpflbhugczbgi\" class=\"brz-section brz-css-1dafeef\">\n<div class=\"brz-section__content brz-section--boxed brz-css-t8za03 brz-css-1o2x567\" data-brz-custom-id=\"vaodzragrythhhojfjngfohbdjapmpkqfojv\">\n<div class=\"brz-container brz-css-1b7t5g\">\n<div id=\"\" class=\"brz-css-7lcf7a brz-wrapper\">\n<div class=\"brz-rich-text brz-rich-text__custom brz-css-1mhwju2\" data-brz-custom-id=\"okmgsyhfnxtlszwmlmvendpdgvhqlwnggoat\">\n<div data-brz-translate-text=\"1\">\n<p class=\"brz-text-lg-center brz-fss-lg-px brz-fw-lg-400 brz-ls-lg-0 brz-lh-lg-1_9 brz-tp-lg-empty brz-ff-overpass brz-ft-google brz-fs-lg-28 brz-css-gvIdS\" data-uniq-id=\"soulv\" data-generated-css=\"brz-css-vdcya\"><span class=\"brz-cp-color2\"><span class=\"brz-text-mask\">You First and Always !<\/span><\/span><\/p>\n<\/div>\n<\/div>\n<\/div>\n<\/div>\n<\/div>\n<\/section>\n<\/div>\n<p>    <!-- version:1737149905 --><\/p>","protected":false},"excerpt":{"rendered":"<p>nos services LOCATION D\u2019IMMEUBLES Nous prenons le temps de bien identifier les potentiels locataires \u00e0 travers les diff\u00e9rents sites d\u2019offre de location de logements. Puis, nous faisons une v\u00e9rification rigoureuse de tous les ant\u00e9c\u00e9dents des candidats pour vous garantir les meilleurs locataires. Nos processus fonctionnent \u00e0 merveille. Faites nous confiance, Z\u00e9ro d\u00e9faut de paiement garanti [&hellip;]<\/p>\n","protected":false},"author":1,"featured_media":0,"parent":0,"menu_order":0,"comment_status":"closed","ping_status":"closed","template":"","meta":{"_coblocks_attr":"","_coblocks_dimensions":"","_coblocks_responsive_height":"","_coblocks_accordion_ie_support":"","site-sidebar-layout":"default","site-content-layout":"","ast-site-content-layout":"default","site-content-style":"default","site-sidebar-style":"default","ast-global-header-display":"","ast-banner-title-visibility":"","ast-main-header-display":"","ast-hfb-above-header-display":"","ast-hfb-below-header-display":"","ast-hfb-mobile-header-display":"","site-post-title":"disabled","ast-breadcrumbs-content":"","ast-featured-img":"","footer-sml-layout":"","ast-disable-related-posts":"","theme-transparent-header-meta":"","adv-header-id-meta":"","stick-header-meta":"","header-above-stick-meta":"","header-main-stick-meta":"","header-below-stick-meta":"","astra-migrate-meta-layouts":"default","ast-page-background-enabled":"default","ast-page-background-meta":{"desktop":{"background-color":"var(--ast-global-color-4)","background-image":"","background-repeat":"repeat","background-position":"center center","background-size":"auto","background-attachment":"scroll","background-type":"","background-media":"","overlay-type":"","overlay-color":"","overlay-opacity":"","overlay-gradient":""},"tablet":{"background-color":"","background-image":"","background-repeat":"repeat","background-position":"center center","background-size":"auto","background-attachment":"scroll","background-type":"","background-media":"","overlay-type":"","overlay-color":"","overlay-opacity":"","overlay-gradient":""},"mobile":{"background-color":"","background-image":"","background-repeat":"repeat","background-position":"center center","background-size":"auto","background-attachment":"scroll","background-type":"","background-media":"","overlay-type":"","overlay-color":"","overlay-opacity":"","overlay-gradient":""}},"ast-content-background-meta":{"desktop":{"background-color":"var(--ast-global-color-5)","background-image":"","background-repeat":"repeat","background-position":"center center","background-size":"auto","background-attachment":"scroll","background-type":"","background-media":"","overlay-type":"","overlay-color":"","overlay-opacity":"","overlay-gradient":""},"tablet":{"background-color":"var(--ast-global-color-5)","background-image":"","background-repeat":"repeat","background-position":"center center","background-size":"auto","background-attachment":"scroll","background-type":"","background-media":"","overlay-type":"","overlay-color":"","overlay-opacity":"","overlay-gradient":""},"mobile":{"background-color":"var(--ast-global-color-5)","background-image":"","background-repeat":"repeat","background-position":"center center","background-size":"auto","background-attachment":"scroll","background-type":"","background-media":"","overlay-type":"","overlay-color":"","overlay-opacity":"","overlay-gradient":""}},"footnotes":""},"class_list":["post-13","page","type-page","status-publish","hentry"],"brizy_media":[{"id":228,"url":"https:\/\/decapplus.ca\/wp-content\/uploads\/2022\/07\/Location.jpg","name":"Location.jpg","meta":{"brizy_attachment_uid":"wp-7ffa3e2a2d4a2a555b2e4c2e01b19d74.jpg","brizy_post_uid":["f04ce159e7edbba6b20d206f0bcf4af7"]}},{"id":230,"url":"https:\/\/decapplus.ca\/wp-content\/uploads\/2022\/07\/Gestion.jpg","name":"Gestion.jpg","meta":{"brizy_attachment_uid":"wp-f2c242212cb8df178779a65e4b663a22.jpg","brizy_post_uid":["f04ce159e7edbba6b20d206f0bcf4af7"]}},{"id":185,"url":"https:\/\/decapplus.ca\/wp-content\/uploads\/2022\/07\/cropped-60-DecaPplus.jpg","name":"cropped-60-DecaPplus.jpg","meta":{"brizy_attachment_uid":"wp-f2f3cc51a85f753e29eae450a6c49516.jpg","brizy_post_uid":["80266ab5647392b663eb82e372bdb61f","f04ce159e7edbba6b20d206f0bcf4af7"]}},{"id":163,"url":"https:\/\/decapplus.ca\/wp-content\/uploads\/2022\/07\/cropped-50-DecaPplus-1.jpg","name":"cropped-50-DecaPplus-1.jpg","meta":{"brizy_attachment_uid":"wp-0a5bed40598cfdf7a23f37fe6482ece7.jpg","brizy_post_uid":["f04ce159e7edbba6b20d206f0bcf4af7"]}},{"id":426,"url":"https:\/\/decapplus.ca\/wp-content\/uploads\/2022\/08\/Services2.jpg","name":"Services2.jpg","meta":{"brizy_attachment_uid":"wp-c97dde89ffdeb8de44986542472aa862.jpg","brizy_post_uid":["f04ce159e7edbba6b20d206f0bcf4af7"]}},{"id":427,"url":"https:\/\/decapplus.ca\/wp-content\/uploads\/2022\/08\/Service1.jpg","name":"Service1.jpg","meta":{"brizy_attachment_uid":"wp-620dd4487a3806b916f6dbf3463548d0.jpg","brizy_post_uid":["f04ce159e7edbba6b20d206f0bcf4af7"]}}],"_links":{"self":[{"href":"https:\/\/decapplus.ca\/en\/wp-json\/wp\/v2\/pages\/13","targetHints":{"allow":["GET"]}}],"collection":[{"href":"https:\/\/decapplus.ca\/en\/wp-json\/wp\/v2\/pages"}],"about":[{"href":"https:\/\/decapplus.ca\/en\/wp-json\/wp\/v2\/types\/page"}],"author":[{"embeddable":true,"href":"https:\/\/decapplus.ca\/en\/wp-json\/wp\/v2\/users\/1"}],"replies":[{"embeddable":true,"href":"https:\/\/decapplus.ca\/en\/wp-json\/wp\/v2\/comments?post=13"}],"version-history":[{"count":30,"href":"https:\/\/decapplus.ca\/en\/wp-json\/wp\/v2\/pages\/13\/revisions"}],"predecessor-version":[{"id":1727,"href":"https:\/\/decapplus.ca\/en\/wp-json\/wp\/v2\/pages\/13\/revisions\/1727"}],"wp:attachment":[{"href":"https:\/\/decapplus.ca\/en\/wp-json\/wp\/v2\/media?parent=13"}],"curies":[{"name":"wp","href":"https:\/\/api.w.org\/{rel}","templated":true}]}}